{"id":10,"date":"2016-04-03T14:42:34","date_gmt":"2016-04-03T17:42:34","guid":{"rendered":"http:\/\/localhost\/base\/?page_id=10"},"modified":"2022-07-06T19:06:34","modified_gmt":"2022-07-06T22:06:34","slug":"sobre","status":"publish","type":"page","link":"http:\/\/www.institutoliberdadedigital.com.br\/site\/sobre\/","title":{"rendered":"ILD"},"content":{"rendered":"<h3>&nbsp;<\/h3>\n<h4><img class=\"wp-image-247 aligncenter\" src=\"http:\/\/www.institutoliberdadedigital.com.br\/site\/wp-content\/uploads\/2020\/04\/favicon-e1589841423420.png\" alt=\"\" width=\"163\" height=\"86\"><\/h4>\n<h2 style=\"text-align: center;\"><span style=\"color: #333333;\">Somos um Think Tank que atua por meio de pesquisas multidisciplinares em prol da Liberdade Digital e acredita no&nbsp; potencial das tecnologias digitais para a promo\u00e7\u00e3o da Democracia.&nbsp; Conciliamos a pesquisa aplicada aos dilemas sociais, a fim de gerar conhecimento, influenciar ideias e promover pol\u00edticas p\u00fablicas respons\u00e1veis.<\/span><\/h2>\n<p style=\"text-align: center;\"><span style=\"color: #333333;\">&nbsp;As pesquisas s\u00e3o organizadas em tr\u00eas linhas:<\/span><\/p>\n<p style=\"text-align: center;\">Diversidade e Liberdade, Democracia e Estado e Privacidade e dados.<\/p>\n<h4><!--more--><\/h4>\n<h3 style=\"text-align: center;\"><img class=\"alignnone wp-image-1838 size-full\" src=\"http:\/\/www.institutoliberdadedigital.com.br\/site\/wp-content\/uploads\/2022\/07\/NOSSOS-PARCEIROS-10.jpg\" alt=\"\" width=\"1920\" height=\"1080\" srcset=\"http:\/\/www.institutoliberdadedigital.com.br\/site\/wp-content\/uploads\/2022\/07\/NOSSOS-PARCEIROS-10.jpg 1920w, http:\/\/www.institutoliberdadedigital.com.br\/site\/wp-content\/uploads\/2022\/07\/NOSSOS-PARCEIROS-10-600x338.jpg 600w, http:\/\/www.institutoliberdadedigital.com.br\/site\/wp-content\/uploads\/2022\/07\/NOSSOS-PARCEIROS-10-1024x576.jpg 1024w, http:\/\/www.institutoliberdadedigital.com.br\/site\/wp-content\/uploads\/2022\/07\/NOSSOS-PARCEIROS-10-768x432.jpg 768w, http:\/\/www.institutoliberdadedigital.com.br\/site\/wp-content\/uploads\/2022\/07\/NOSSOS-PARCEIROS-10-1536x864.jpg 1536w, http:\/\/www.institutoliberdadedigital.com.br\/site\/wp-content\/uploads\/2022\/07\/NOSSOS-PARCEIROS-10-1320x743.jpg 1320w\" sizes=\"(max-width: 1920px) 100vw, 1920px\" \/><\/h3>\n<h3>&nbsp;<\/h3>\n<p><\/p>\n<h3 style=\"text-align: center;\"><span style=\"color: #e3ba24;\"><strong><img class=\"alignnone wp-image-1839 size-full\" src=\"http:\/\/www.institutoliberdadedigital.com.br\/site\/wp-content\/uploads\/2022\/07\/NOSSOS-PARCEIROS-11.jpg\" alt=\"\" width=\"1920\" height=\"1080\" srcset=\"http:\/\/www.institutoliberdadedigital.com.br\/site\/wp-content\/uploads\/2022\/07\/NOSSOS-PARCEIROS-11.jpg 1920w, http:\/\/www.institutoliberdadedigital.com.br\/site\/wp-content\/uploads\/2022\/07\/NOSSOS-PARCEIROS-11-600x338.jpg 600w, http:\/\/www.institutoliberdadedigital.com.br\/site\/wp-content\/uploads\/2022\/07\/NOSSOS-PARCEIROS-11-1024x576.jpg 1024w, http:\/\/www.institutoliberdadedigital.com.br\/site\/wp-content\/uploads\/2022\/07\/NOSSOS-PARCEIROS-11-768x432.jpg 768w, http:\/\/www.institutoliberdadedigital.com.br\/site\/wp-content\/uploads\/2022\/07\/NOSSOS-PARCEIROS-11-1536x864.jpg 1536w, http:\/\/www.institutoliberdadedigital.com.br\/site\/wp-content\/uploads\/2022\/07\/NOSSOS-PARCEIROS-11-1320x743.jpg 1320w\" sizes=\"(max-width: 1920px) 100vw, 1920px\" \/><\/strong><\/span><span style=\"color: #333333;\">&nbsp;<\/span><\/h3>\n<p><\/p>\n<h3 style=\"text-align: center;\"><span style=\"color: #e3ba24;\"> <img class=\"aligncenter wp-image-1825 size-full\" src=\"http:\/\/www.institutoliberdadedigital.com.br\/site\/wp-content\/uploads\/2022\/07\/NOSSOS-PARCEIROS-4.jpg\" alt=\"\" width=\"1920\" height=\"1080\" srcset=\"http:\/\/www.institutoliberdadedigital.com.br\/site\/wp-content\/uploads\/2022\/07\/NOSSOS-PARCEIROS-4.jpg 1920w, http:\/\/www.institutoliberdadedigital.com.br\/site\/wp-content\/uploads\/2022\/07\/NOSSOS-PARCEIROS-4-600x338.jpg 600w, http:\/\/www.institutoliberdadedigital.com.br\/site\/wp-content\/uploads\/2022\/07\/NOSSOS-PARCEIROS-4-1024x576.jpg 1024w, http:\/\/www.institutoliberdadedigital.com.br\/site\/wp-content\/uploads\/2022\/07\/NOSSOS-PARCEIROS-4-768x432.jpg 768w, http:\/\/www.institutoliberdadedigital.com.br\/site\/wp-content\/uploads\/2022\/07\/NOSSOS-PARCEIROS-4-1536x864.jpg 1536w, http:\/\/www.institutoliberdadedigital.com.br\/site\/wp-content\/uploads\/2022\/07\/NOSSOS-PARCEIROS-4-1320x743.jpg 1320w\" sizes=\"(max-width: 1920px) 100vw, 1920px\" \/><\/span><\/h3>\n<p style=\"text-align: center;\">\n<\/p><p><!--more--><\/p>\n<h4><img class=\"aligncenter wp-image-247\" src=\"http:\/\/www.institutoliberdadedigital.com.br\/site\/wp-content\/uploads\/2020\/04\/favicon-e1589842775657.png\" alt=\"\" width=\"161\" height=\"86\"><\/h4>\n<p style=\"text-align: center;\"><\/p>\n\n\n<figure class=\"wp-block-image size-large\"><img width=\"1024\" height=\"576\" src=\"http:\/\/www.institutoliberdadedigital.com.br\/site\/wp-content\/uploads\/2022\/07\/NOSSOS-PARCEIROS-8-1024x576.jpg\" alt=\"\" class=\"wp-image-1830\" srcset=\"http:\/\/www.institutoliberdadedigital.com.br\/site\/wp-content\/uploads\/2022\/07\/NOSSOS-PARCEIROS-8-1024x576.jpg 1024w, http:\/\/www.institutoliberdadedigital.com.br\/site\/wp-content\/uploads\/2022\/07\/NOSSOS-PARCEIROS-8-600x338.jpg 600w, http:\/\/www.institutoliberdadedigital.com.br\/site\/wp-content\/uploads\/2022\/07\/NOSSOS-PARCEIROS-8-768x432.jpg 768w, http:\/\/www.institutoliberdadedigital.com.br\/site\/wp-content\/uploads\/2022\/07\/NOSSOS-PARCEIROS-8-1536x864.jpg 1536w, http:\/\/www.institutoliberdadedigital.com.br\/site\/wp-content\/uploads\/2022\/07\/NOSSOS-PARCEIROS-8-1320x743.jpg 1320w, http:\/\/www.institutoliberdadedigital.com.br\/site\/wp-content\/uploads\/2022\/07\/NOSSOS-PARCEIROS-8.jpg 1920w\" sizes=\"(max-width: 1024px) 100vw, 1024px\" \/><\/figure>\n","protected":false},"excerpt":{"rendered":"<p>&nbsp; Somos um Think Tank que atua por meio de pesquisas multidisciplinares em prol da Liberdade Digital e acredita no&nbsp; potencial das tecnologias digitais para a promo\u00e7\u00e3o da Democracia.&nbsp; Conciliamos a pesquisa aplicada aos dilemas sociais, a fim de gerar <a class=\"read_more\" href=\"http:\/\/www.institutoliberdadedigital.com.br\/site\/sobre\/\" style=\"display: none;\"> Read more<\/a><\/p>\n","protected":false},"author":3,"featured_media":266,"parent":0,"menu_order":0,"comment_status":"closed","ping_status":"closed","template":"page-padrao.php","meta":[],"acf":[],"yoast_head":"<!-- This site is optimized with the Yoast SEO plugin v19.6 - https:\/\/yoast.com\/wordpress\/plugins\/seo\/ -->\n<title>ILD - Instituto Liberdade Digital<\/title>\n<meta name=\"robots\" content=\"index, follow, max-snippet:-1, max-image-preview:large, max-video-preview:-1\" \/>\n<link rel=\"canonical\" href=\"https:\/\/www.institutoliberdadedigital.com.br\/site\/sobre\/\" \/>\n<meta property=\"og:locale\" content=\"pt_BR\" \/>\n<meta property=\"og:type\" content=\"article\" \/>\n<meta property=\"og:title\" content=\"ILD - Instituto Liberdade Digital\" \/>\n<meta property=\"og:description\" content=\"&nbsp; Somos um Think Tank que atua por meio de pesquisas multidisciplinares em prol da Liberdade Digital e acredita no&nbsp; potencial das tecnologias digitais para a promo\u00e7\u00e3o da Democracia.&nbsp; Conciliamos a pesquisa aplicada aos dilemas sociais, a fim de gerar Read more\" \/>\n<meta property=\"og:url\" content=\"https:\/\/www.institutoliberdadedigital.com.br\/site\/sobre\/\" \/>\n<meta property=\"og:site_name\" content=\"Instituto Liberdade Digital\" \/>\n<meta property=\"article:publisher\" content=\"https:\/\/www.facebook.com\/Institutoliberdadedigital\/\" \/>\n<meta property=\"article:modified_time\" content=\"2022-07-06T22:06:34+00:00\" \/>\n<meta property=\"og:image\" content=\"https:\/\/www.institutoliberdadedigital.com.br\/site\/wp-content\/uploads\/2020\/04\/LOGO_Alta.png\" \/>\n\t<meta property=\"og:image:width\" content=\"1080\" \/>\n\t<meta property=\"og:image:height\" content=\"1080\" \/>\n\t<meta property=\"og:image:type\" content=\"image\/png\" \/>\n<meta name=\"twitter:card\" content=\"summary\" \/>\n<meta name=\"twitter:site\" content=\"@InstitutoLD\" \/>\n<script type=\"application\/ld+json\" class=\"yoast-schema-graph\">{\"@context\":\"https:\/\/schema.org\",\"@graph\":[{\"@type\":\"WebPage\",\"@id\":\"https:\/\/www.institutoliberdadedigital.com.br\/site\/sobre\/\",\"url\":\"https:\/\/www.institutoliberdadedigital.com.br\/site\/sobre\/\",\"name\":\"ILD - Instituto Liberdade Digital\",\"isPartOf\":{\"@id\":\"http:\/\/www.institutoliberdadedigital.com.br\/site\/#website\"},\"datePublished\":\"2016-04-03T17:42:34+00:00\",\"dateModified\":\"2022-07-06T22:06:34+00:00\",\"breadcrumb\":{\"@id\":\"https:\/\/www.institutoliberdadedigital.com.br\/site\/sobre\/#breadcrumb\"},\"inLanguage\":\"pt-BR\",\"potentialAction\":[{\"@type\":\"ReadAction\",\"target\":[\"https:\/\/www.institutoliberdadedigital.com.br\/site\/sobre\/\"]}]},{\"@type\":\"BreadcrumbList\",\"@id\":\"https:\/\/www.institutoliberdadedigital.com.br\/site\/sobre\/#breadcrumb\",\"itemListElement\":[{\"@type\":\"ListItem\",\"position\":1,\"name\":\"In\u00edcio\",\"item\":\"http:\/\/www.institutoliberdadedigital.com.br\/site\/\"},{\"@type\":\"ListItem\",\"position\":2,\"name\":\"ILD\"}]},{\"@type\":\"WebSite\",\"@id\":\"http:\/\/www.institutoliberdadedigital.com.br\/site\/#website\",\"url\":\"http:\/\/www.institutoliberdadedigital.com.br\/site\/\",\"name\":\"Instituto Liberdade Digital\",\"description\":\"\",\"publisher\":{\"@id\":\"http:\/\/www.institutoliberdadedigital.com.br\/site\/#organization\"},\"potentialAction\":[{\"@type\":\"SearchAction\",\"target\":{\"@type\":\"EntryPoint\",\"urlTemplate\":\"http:\/\/www.institutoliberdadedigital.com.br\/site\/?s={search_term_string}\"},\"query-input\":\"required name=search_term_string\"}],\"inLanguage\":\"pt-BR\"},{\"@type\":\"Organization\",\"@id\":\"http:\/\/www.institutoliberdadedigital.com.br\/site\/#organization\",\"name\":\"Instituto Liberdade Digital\",\"url\":\"http:\/\/www.institutoliberdadedigital.com.br\/site\/\",\"sameAs\":[\"https:\/\/instagram.com\/institutoliberdadedigital?igshid=1xyjdem24x4db\",\"https:\/\/www.linkedin.com\/company\/institutoliberdadedigital\",\"https:\/\/www.youtube.com\/channel\/UCWxG8jDEsVd9ikHEzlHnhxw\",\"https:\/\/www.facebook.com\/Institutoliberdadedigital\/\",\"https:\/\/twitter.com\/InstitutoLD\"],\"logo\":{\"@type\":\"ImageObject\",\"inLanguage\":\"pt-BR\",\"@id\":\"http:\/\/www.institutoliberdadedigital.com.br\/site\/#\/schema\/logo\/image\/\",\"url\":\"http:\/\/www.institutoliberdadedigital.com.br\/site\/wp-content\/uploads\/2021\/10\/logotipo-big.png\",\"contentUrl\":\"http:\/\/www.institutoliberdadedigital.com.br\/site\/wp-content\/uploads\/2021\/10\/logotipo-big.png\",\"width\":1080,\"height\":1080,\"caption\":\"Instituto Liberdade Digital\"},\"image\":{\"@id\":\"http:\/\/www.institutoliberdadedigital.com.br\/site\/#\/schema\/logo\/image\/\"}}]}<\/script>\n<!-- \/ Yoast SEO plugin. -->","yoast_head_json":{"title":"ILD - Instituto Liberdade Digital","robots":{"index":"index","follow":"follow","max-snippet":"max-snippet:-1","max-image-preview":"max-image-preview:large","max-video-preview":"max-video-preview:-1"},"canonical":"https:\/\/www.institutoliberdadedigital.com.br\/site\/sobre\/","og_locale":"pt_BR","og_type":"article","og_title":"ILD - Instituto Liberdade Digital","og_description":"&nbsp; Somos um Think Tank que atua por meio de pesquisas multidisciplinares em prol da Liberdade Digital e acredita no&nbsp; potencial das tecnologias digitais para a promo\u00e7\u00e3o da Democracia.&nbsp; Conciliamos a pesquisa aplicada aos dilemas sociais, a fim de gerar Read more","og_url":"https:\/\/www.institutoliberdadedigital.com.br\/site\/sobre\/","og_site_name":"Instituto Liberdade Digital","article_publisher":"https:\/\/www.facebook.com\/Institutoliberdadedigital\/","article_modified_time":"2022-07-06T22:06:34+00:00","og_image":[{"width":1080,"height":1080,"url":"https:\/\/www.institutoliberdadedigital.com.br\/site\/wp-content\/uploads\/2020\/04\/LOGO_Alta.png","type":"image\/png"}],"twitter_card":"summary","twitter_site":"@InstitutoLD","schema":{"@context":"https:\/\/schema.org","@graph":[{"@type":"WebPage","@id":"https:\/\/www.institutoliberdadedigital.com.br\/site\/sobre\/","url":"https:\/\/www.institutoliberdadedigital.com.br\/site\/sobre\/","name":"ILD - Instituto Liberdade Digital","isPartOf":{"@id":"http:\/\/www.institutoliberdadedigital.com.br\/site\/#website"},"datePublished":"2016-04-03T17:42:34+00:00","dateModified":"2022-07-06T22:06:34+00:00","breadcrumb":{"@id":"https:\/\/www.institutoliberdadedigital.com.br\/site\/sobre\/#breadcrumb"},"inLanguage":"pt-BR","potentialAction":[{"@type":"ReadAction","target":["https:\/\/www.institutoliberdadedigital.com.br\/site\/sobre\/"]}]},{"@type":"BreadcrumbList","@id":"https:\/\/www.institutoliberdadedigital.com.br\/site\/sobre\/#breadcrumb","itemListElement":[{"@type":"ListItem","position":1,"name":"In\u00edcio","item":"http:\/\/www.institutoliberdadedigital.com.br\/site\/"},{"@type":"ListItem","position":2,"name":"ILD"}]},{"@type":"WebSite","@id":"http:\/\/www.institutoliberdadedigital.com.br\/site\/#website","url":"http:\/\/www.institutoliberdadedigital.com.br\/site\/","name":"Instituto Liberdade Digital","description":"","publisher":{"@id":"http:\/\/www.institutoliberdadedigital.com.br\/site\/#organization"},"potentialAction":[{"@type":"SearchAction","target":{"@type":"EntryPoint","urlTemplate":"http:\/\/www.institutoliberdadedigital.com.br\/site\/?s={search_term_string}"},"query-input":"required name=search_term_string"}],"inLanguage":"pt-BR"},{"@type":"Organization","@id":"http:\/\/www.institutoliberdadedigital.com.br\/site\/#organization","name":"Instituto Liberdade Digital","url":"http:\/\/www.institutoliberdadedigital.com.br\/site\/","sameAs":["https:\/\/instagram.com\/institutoliberdadedigital?igshid=1xyjdem24x4db","https:\/\/www.linkedin.com\/company\/institutoliberdadedigital","https:\/\/www.youtube.com\/channel\/UCWxG8jDEsVd9ikHEzlHnhxw","https:\/\/www.facebook.com\/Institutoliberdadedigital\/","https:\/\/twitter.com\/InstitutoLD"],"logo":{"@type":"ImageObject","inLanguage":"pt-BR","@id":"http:\/\/www.institutoliberdadedigital.com.br\/site\/#\/schema\/logo\/image\/","url":"http:\/\/www.institutoliberdadedigital.com.br\/site\/wp-content\/uploads\/2021\/10\/logotipo-big.png","contentUrl":"http:\/\/www.institutoliberdadedigital.com.br\/site\/wp-content\/uploads\/2021\/10\/logotipo-big.png","width":1080,"height":1080,"caption":"Instituto Liberdade Digital"},"image":{"@id":"http:\/\/www.institutoliberdadedigital.com.br\/site\/#\/schema\/logo\/image\/"}}]}},"_links":{"self":[{"href":"http:\/\/www.institutoliberdadedigital.com.br\/site\/wp-json\/wp\/v2\/pages\/10"}],"collection":[{"href":"http:\/\/www.institutoliberdadedigital.com.br\/site\/wp-json\/wp\/v2\/pages"}],"about":[{"href":"http:\/\/www.institutoliberdadedigital.com.br\/site\/wp-json\/wp\/v2\/types\/page"}],"author":[{"embeddable":true,"href":"http:\/\/www.institutoliberdadedigital.com.br\/site\/wp-json\/wp\/v2\/users\/3"}],"replies":[{"embeddable":true,"href":"http:\/\/www.institutoliberdadedigital.com.br\/site\/wp-json\/wp\/v2\/comments?post=10"}],"version-history":[{"count":79,"href":"http:\/\/www.institutoliberdadedigital.com.br\/site\/wp-json\/wp\/v2\/pages\/10\/revisions"}],"predecessor-version":[{"id":1841,"href":"http:\/\/www.institutoliberdadedigital.com.br\/site\/wp-json\/wp\/v2\/pages\/10\/revisions\/1841"}],"wp:featuredmedia":[{"embeddable":true,"href":"http:\/\/www.institutoliberdadedigital.com.br\/site\/wp-json\/wp\/v2\/media\/266"}],"wp:attachment":[{"href":"http:\/\/www.institutoliberdadedigital.com.br\/site\/wp-json\/wp\/v2\/media?parent=10"}],"curies":[{"name":"wp","href":"https:\/\/api.w.org\/{rel}","templated":true}]}}