{"id":1904,"date":"2022-08-30T11:14:14","date_gmt":"2022-08-30T14:14:14","guid":{"rendered":"http:\/\/www.institutoliberdadedigital.com.br\/site\/?page_id=1904"},"modified":"2022-08-30T11:14:18","modified_gmt":"2022-08-30T14:14:18","slug":"eleicoes-entre-a-razao-e-a-emocao","status":"publish","type":"page","link":"http:\/\/www.institutoliberdadedigital.com.br\/site\/eleicoes-entre-a-razao-e-a-emocao\/","title":{"rendered":"Elei\u00e7\u00f5es: Entre a Raz\u00e3o e a Emo\u00e7\u00e3o"},"content":{"rendered":"<div class=\"wp-block-image\">\n<figure class=\"aligncenter is-resized\"><a href=\"_wp_link_placeholder\"><img src=\"http:\/\/www.institutoliberdadedigital.com.br\/site\/wp-content\/uploads\/2022\/08\/post-relatorio-geral--600x600.jpg\" alt=\"\" class=\"wp-image-1905\" width=\"488\" height=\"488\" srcset=\"http:\/\/www.institutoliberdadedigital.com.br\/site\/wp-content\/uploads\/2022\/08\/post-relatorio-geral--600x600.jpg 600w, http:\/\/www.institutoliberdadedigital.com.br\/site\/wp-content\/uploads\/2022\/08\/post-relatorio-geral--1024x1024.jpg 1024w, http:\/\/www.institutoliberdadedigital.com.br\/site\/wp-content\/uploads\/2022\/08\/post-relatorio-geral--300x300.jpg 300w, http:\/\/www.institutoliberdadedigital.com.br\/site\/wp-content\/uploads\/2022\/08\/post-relatorio-geral--768x768.jpg 768w, http:\/\/www.institutoliberdadedigital.com.br\/site\/wp-content\/uploads\/2022\/08\/post-relatorio-geral-.jpg 1080w\" sizes=\"(max-width: 488px) 100vw, 488px\" \/><\/a><figcaption><strong>Como se comporta o brasileiro nas redes sociais quando se depara com conte\u00fados de natureza pol\u00edtica?<\/strong><br><br>O projeto \u201cElei\u00e7\u00f5es: entre a raz\u00e3o e emo\u00e7\u00e3o\u201d foi desenvolvido pelo ILD entre 2021 e 2022 com o intuito de analisar como os brasileiros e as brasileiras interagem com os conte\u00fados de natureza pol\u00edtica nas redes sociais. Partiu-se da hip\u00f3tese de que os vieses cognitivos exercem um papel na forma como as pessoas consomem conte\u00fados pol\u00edticos e como decidem seu voto.<br>A partir de 24 quest\u00f5es de um question\u00e1rio estruturado que obteve 408 respondentes, foram obtidos os resultados apresentados nos documentos abaixo. Os dados foram divididos em quatro partes: perfil dos respondentes, h\u00e1bitos dos usu\u00e1rios das redes sociais no que se refere ao objeto da pesquisa, o perfil dos respondentes em rela\u00e7\u00e3o \u00e0 pol\u00edtica e a intera\u00e7\u00e3o com conte\u00fados pol\u00edticos nas redes sociais.<br>No documento do relat\u00f3rio voc\u00ea encontra mais informa\u00e7\u00f5es sobre a metodologia e os resultados da pesquisa; em nosso gloss\u00e1rio consta uma lista de 10 verbetes da tem\u00e1tica os quais julgamos relevantes para o debate instaurado; por fim, o documento \u201ccuradoria\u201d apresenta uma lista de sites e livros confi\u00e1veis e acess\u00edveis que abordam os diferentes aspectos da desinforma\u00e7\u00e3o pol\u00edtica.<br>Esperamos que os dados aqui apresentados possam contribuir com a qualifica\u00e7\u00e3o do debate sobre o impacto da desinforma\u00e7\u00e3o nas intera\u00e7\u00f5es dos usu\u00e1rios nas redes sociais e nas suas escolhas pol\u00edticas.<\/figcaption><\/figure><\/div>\n\n","protected":false},"excerpt":{"rendered":"","protected":false},"author":5,"featured_media":0,"parent":0,"menu_order":0,"comment_status":"closed","ping_status":"closed","template":"","meta":[],"acf":[],"yoast_head":"<!-- This site is optimized with the Yoast SEO plugin v19.6 - https:\/\/yoast.com\/wordpress\/plugins\/seo\/ -->\n<title>Elei\u00e7\u00f5es: Entre a Raz\u00e3o e a Emo\u00e7\u00e3o - Instituto Liberdade Digital<\/title>\n<meta name=\"robots\" content=\"index, follow, max-snippet:-1, max-image-preview:large, max-video-preview:-1\" \/>\n<link rel=\"canonical\" href=\"http:\/\/www.institutoliberdadedigital.com.br\/site\/eleicoes-entre-a-razao-e-a-emocao\/\" \/>\n<meta property=\"og:locale\" content=\"pt_BR\" \/>\n<meta property=\"og:type\" content=\"article\" \/>\n<meta property=\"og:title\" content=\"Elei\u00e7\u00f5es: Entre a Raz\u00e3o e a Emo\u00e7\u00e3o - Instituto Liberdade Digital\" \/>\n<meta property=\"og:url\" content=\"http:\/\/www.institutoliberdadedigital.com.br\/site\/eleicoes-entre-a-razao-e-a-emocao\/\" \/>\n<meta property=\"og:site_name\" content=\"Instituto Liberdade Digital\" \/>\n<meta property=\"article:publisher\" content=\"https:\/\/www.facebook.com\/Institutoliberdadedigital\/\" \/>\n<meta property=\"article:modified_time\" content=\"2022-08-30T14:14:18+00:00\" \/>\n<meta property=\"og:image\" content=\"http:\/\/www.institutoliberdadedigital.com.br\/site\/wp-content\/uploads\/2022\/08\/post-relatorio-geral--600x600.jpg\" \/>\n<meta name=\"twitter:card\" content=\"summary\" \/>\n<meta name=\"twitter:site\" content=\"@InstitutoLD\" \/>\n<meta name=\"twitter:label1\" content=\"Est. tempo de leitura\" \/>\n\t<meta name=\"twitter:data1\" content=\"2 minutos\" \/>\n<script type=\"application\/ld+json\" class=\"yoast-schema-graph\">{\"@context\":\"https:\/\/schema.org\",\"@graph\":[{\"@type\":\"WebPage\",\"@id\":\"http:\/\/www.institutoliberdadedigital.com.br\/site\/eleicoes-entre-a-razao-e-a-emocao\/\",\"url\":\"http:\/\/www.institutoliberdadedigital.com.br\/site\/eleicoes-entre-a-razao-e-a-emocao\/\",\"name\":\"Elei\u00e7\u00f5es: Entre a Raz\u00e3o e a Emo\u00e7\u00e3o - Instituto Liberdade Digital\",\"isPartOf\":{\"@id\":\"https:\/\/www.institutoliberdadedigital.com.br\/site\/#website\"},\"datePublished\":\"2022-08-30T14:14:14+00:00\",\"dateModified\":\"2022-08-30T14:14:18+00:00\",\"breadcrumb\":{\"@id\":\"http:\/\/www.institutoliberdadedigital.com.br\/site\/eleicoes-entre-a-razao-e-a-emocao\/#breadcrumb\"},\"inLanguage\":\"pt-BR\",\"potentialAction\":[{\"@type\":\"ReadAction\",\"target\":[\"http:\/\/www.institutoliberdadedigital.com.br\/site\/eleicoes-entre-a-razao-e-a-emocao\/\"]}]},{\"@type\":\"BreadcrumbList\",\"@id\":\"http:\/\/www.institutoliberdadedigital.com.br\/site\/eleicoes-entre-a-razao-e-a-emocao\/#breadcrumb\",\"itemListElement\":[{\"@type\":\"ListItem\",\"position\":1,\"name\":\"In\u00edcio\",\"item\":\"https:\/\/www.institutoliberdadedigital.com.br\/site\/\"},{\"@type\":\"ListItem\",\"position\":2,\"name\":\"Elei\u00e7\u00f5es: Entre a Raz\u00e3o e a Emo\u00e7\u00e3o\"}]},{\"@type\":\"WebSite\",\"@id\":\"https:\/\/www.institutoliberdadedigital.com.br\/site\/#website\",\"url\":\"https:\/\/www.institutoliberdadedigital.com.br\/site\/\",\"name\":\"Instituto Liberdade Digital\",\"description\":\"\",\"publisher\":{\"@id\":\"https:\/\/www.institutoliberdadedigital.com.br\/site\/#organization\"},\"potentialAction\":[{\"@type\":\"SearchAction\",\"target\":{\"@type\":\"EntryPoint\",\"urlTemplate\":\"https:\/\/www.institutoliberdadedigital.com.br\/site\/?s={search_term_string}\"},\"query-input\":\"required name=search_term_string\"}],\"inLanguage\":\"pt-BR\"},{\"@type\":\"Organization\",\"@id\":\"https:\/\/www.institutoliberdadedigital.com.br\/site\/#organization\",\"name\":\"Instituto Liberdade Digital\",\"url\":\"https:\/\/www.institutoliberdadedigital.com.br\/site\/\",\"sameAs\":[\"https:\/\/instagram.com\/institutoliberdadedigital?igshid=1xyjdem24x4db\",\"https:\/\/www.linkedin.com\/company\/institutoliberdadedigital\",\"https:\/\/www.youtube.com\/channel\/UCWxG8jDEsVd9ikHEzlHnhxw\",\"https:\/\/www.facebook.com\/Institutoliberdadedigital\/\",\"https:\/\/twitter.com\/InstitutoLD\"],\"logo\":{\"@type\":\"ImageObject\",\"inLanguage\":\"pt-BR\",\"@id\":\"https:\/\/www.institutoliberdadedigital.com.br\/site\/#\/schema\/logo\/image\/\",\"url\":\"http:\/\/www.institutoliberdadedigital.com.br\/site\/wp-content\/uploads\/2021\/10\/logotipo-big.png\",\"contentUrl\":\"http:\/\/www.institutoliberdadedigital.com.br\/site\/wp-content\/uploads\/2021\/10\/logotipo-big.png\",\"width\":1080,\"height\":1080,\"caption\":\"Instituto Liberdade Digital\"},\"image\":{\"@id\":\"https:\/\/www.institutoliberdadedigital.com.br\/site\/#\/schema\/logo\/image\/\"}}]}<\/script>\n<!-- \/ Yoast SEO plugin. -->","yoast_head_json":{"title":"Elei\u00e7\u00f5es: Entre a Raz\u00e3o e a Emo\u00e7\u00e3o - Instituto Liberdade Digital","robots":{"index":"index","follow":"follow","max-snippet":"max-snippet:-1","max-image-preview":"max-image-preview:large","max-video-preview":"max-video-preview:-1"},"canonical":"http:\/\/www.institutoliberdadedigital.com.br\/site\/eleicoes-entre-a-razao-e-a-emocao\/","og_locale":"pt_BR","og_type":"article","og_title":"Elei\u00e7\u00f5es: Entre a Raz\u00e3o e a Emo\u00e7\u00e3o - Instituto Liberdade Digital","og_url":"http:\/\/www.institutoliberdadedigital.com.br\/site\/eleicoes-entre-a-razao-e-a-emocao\/","og_site_name":"Instituto Liberdade Digital","article_publisher":"https:\/\/www.facebook.com\/Institutoliberdadedigital\/","article_modified_time":"2022-08-30T14:14:18+00:00","og_image":[{"url":"http:\/\/www.institutoliberdadedigital.com.br\/site\/wp-content\/uploads\/2022\/08\/post-relatorio-geral--600x600.jpg"}],"twitter_card":"summary","twitter_site":"@InstitutoLD","twitter_misc":{"Est. tempo de leitura":"2 minutos"},"schema":{"@context":"https:\/\/schema.org","@graph":[{"@type":"WebPage","@id":"http:\/\/www.institutoliberdadedigital.com.br\/site\/eleicoes-entre-a-razao-e-a-emocao\/","url":"http:\/\/www.institutoliberdadedigital.com.br\/site\/eleicoes-entre-a-razao-e-a-emocao\/","name":"Elei\u00e7\u00f5es: Entre a Raz\u00e3o e a Emo\u00e7\u00e3o - Instituto Liberdade Digital","isPartOf":{"@id":"https:\/\/www.institutoliberdadedigital.com.br\/site\/#website"},"datePublished":"2022-08-30T14:14:14+00:00","dateModified":"2022-08-30T14:14:18+00:00","breadcrumb":{"@id":"http:\/\/www.institutoliberdadedigital.com.br\/site\/eleicoes-entre-a-razao-e-a-emocao\/#breadcrumb"},"inLanguage":"pt-BR","potentialAction":[{"@type":"ReadAction","target":["http:\/\/www.institutoliberdadedigital.com.br\/site\/eleicoes-entre-a-razao-e-a-emocao\/"]}]},{"@type":"BreadcrumbList","@id":"http:\/\/www.institutoliberdadedigital.com.br\/site\/eleicoes-entre-a-razao-e-a-emocao\/#breadcrumb","itemListElement":[{"@type":"ListItem","position":1,"name":"In\u00edcio","item":"https:\/\/www.institutoliberdadedigital.com.br\/site\/"},{"@type":"ListItem","position":2,"name":"Elei\u00e7\u00f5es: Entre a Raz\u00e3o e a Emo\u00e7\u00e3o"}]},{"@type":"WebSite","@id":"https:\/\/www.institutoliberdadedigital.com.br\/site\/#website","url":"https:\/\/www.institutoliberdadedigital.com.br\/site\/","name":"Instituto Liberdade Digital","description":"","publisher":{"@id":"https:\/\/www.institutoliberdadedigital.com.br\/site\/#organization"},"potentialAction":[{"@type":"SearchAction","target":{"@type":"EntryPoint","urlTemplate":"https:\/\/www.institutoliberdadedigital.com.br\/site\/?s={search_term_string}"},"query-input":"required name=search_term_string"}],"inLanguage":"pt-BR"},{"@type":"Organization","@id":"https:\/\/www.institutoliberdadedigital.com.br\/site\/#organization","name":"Instituto Liberdade Digital","url":"https:\/\/www.institutoliberdadedigital.com.br\/site\/","sameAs":["https:\/\/instagram.com\/institutoliberdadedigital?igshid=1xyjdem24x4db","https:\/\/www.linkedin.com\/company\/institutoliberdadedigital","https:\/\/www.youtube.com\/channel\/UCWxG8jDEsVd9ikHEzlHnhxw","https:\/\/www.facebook.com\/Institutoliberdadedigital\/","https:\/\/twitter.com\/InstitutoLD"],"logo":{"@type":"ImageObject","inLanguage":"pt-BR","@id":"https:\/\/www.institutoliberdadedigital.com.br\/site\/#\/schema\/logo\/image\/","url":"http:\/\/www.institutoliberdadedigital.com.br\/site\/wp-content\/uploads\/2021\/10\/logotipo-big.png","contentUrl":"http:\/\/www.institutoliberdadedigital.com.br\/site\/wp-content\/uploads\/2021\/10\/logotipo-big.png","width":1080,"height":1080,"caption":"Instituto Liberdade Digital"},"image":{"@id":"https:\/\/www.institutoliberdadedigital.com.br\/site\/#\/schema\/logo\/image\/"}}]}},"_links":{"self":[{"href":"http:\/\/www.institutoliberdadedigital.com.br\/site\/wp-json\/wp\/v2\/pages\/1904"}],"collection":[{"href":"http:\/\/www.institutoliberdadedigital.com.br\/site\/wp-json\/wp\/v2\/pages"}],"about":[{"href":"http:\/\/www.institutoliberdadedigital.com.br\/site\/wp-json\/wp\/v2\/types\/page"}],"author":[{"embeddable":true,"href":"http:\/\/www.institutoliberdadedigital.com.br\/site\/wp-json\/wp\/v2\/users\/5"}],"replies":[{"embeddable":true,"href":"http:\/\/www.institutoliberdadedigital.com.br\/site\/wp-json\/wp\/v2\/comments?post=1904"}],"version-history":[{"count":1,"href":"http:\/\/www.institutoliberdadedigital.com.br\/site\/wp-json\/wp\/v2\/pages\/1904\/revisions"}],"predecessor-version":[{"id":1906,"href":"http:\/\/www.institutoliberdadedigital.com.br\/site\/wp-json\/wp\/v2\/pages\/1904\/revisions\/1906"}],"wp:attachment":[{"href":"http:\/\/www.institutoliberdadedigital.com.br\/site\/wp-json\/wp\/v2\/media?parent=1904"}],"curies":[{"name":"wp","href":"https:\/\/api.w.org\/{rel}","templated":true}]}}